{"id":570,"date":"2018-06-18T16:04:18","date_gmt":"2018-06-18T15:04:18","guid":{"rendered":"https:\/\/www.taborova-rodina.cz\/?page_id=570"},"modified":"2026-02-13T14:11:18","modified_gmt":"2026-02-13T13:11:18","slug":"jak-se-prihlasit","status":"publish","type":"page","link":"https:\/\/www.taborova-rodina.cz\/index.php\/o-tabore\/jak-se-prihlasit\/","title":{"rendered":"Jak se p\u0159ihl\u00e1sit"},"content":{"rendered":"<header>Rodi\u010de si mus\u00ed zarezervovat m\u00edsto. Bez rezervace a jej\u00edho n\u00e1sledn\u00e9ho potvrzen\u00ed nen\u00ed mo\u017en\u00e9 garantovat, \u017ee bude voln\u00e9 m\u00edsto.<br \/><br \/><\/header><header><\/header><header>Doporu\u010dujeme dodr\u017eet n\u00e1sleduj\u00edc\u00ed postup:<\/header><header><\/header>\r\n<div class=\"entry-content\">\r\n<ol>\r\n<li>Rezervaci rodi\u010de provedou zasl\u00e1n\u00edm n\u00e1sleduj\u00edc\u00edch \u00fadaj\u016f na\u00a0adresu\u00a0<strong><a href=\"mailto:tabory@bulovka.cz\" target=\"_blank\" rel=\"noopener noreferrer\">tabory@bulovka.cz<\/a><\/strong>. \u00a0M\u016f\u017eete vyu\u017e\u00edt na\u0161eho p\u0159edepsan\u00e9ho textu a doplnit pouze data o Va\u0161em d\u00edt\u011bti.<br \/><em>\u2014\u2014\u2014\u2014\u2014\u2014\u2014\u2014\u2014\u2014\u2014-<\/em><br \/><em>\u017d\u00e1d\u00e1m o rezervov\u00e1n\u00ed m\u00edsta na letn\u00edm d\u011btsk\u00e9m t\u00e1bo\u0159e v Zalu\u017eanech v term\u00ednu III. turnusu od 1.8.-15.8.2026 pro sv\u00e9 d\u00edt\u011b.<br \/><strong>Jm\u00e9no P\u0159\u00edjmen\u00ed d\u00edt\u011bte<\/strong>, r.\u010d.:\u00a0<strong>123456\/7890<\/strong><\/em><em><strong><br \/>Jm\u00e9no P\u0159\u00edjmen\u00ed<\/strong>\u00a0(rodi\u010de)<strong><br \/><\/strong>mobiln\u00ed telefon:\u00a0<\/em><strong><em>123 456 789<br \/><\/em><\/strong><em>D\u011bkuji<\/em><strong><br \/><\/strong><em>\u2014\u2014\u2014\u2014\u2014\u2014\u2014\u2014\u2014\u2014\u2014-<\/em><\/li>\r\n<li>Tato rezervace V\u00e1m bude n\u00e1sledn\u011b potvrzena zp\u011bt na email a obdr\u017e\u00edte pot\u0159ebn\u00e9 dokumenty p\u0159\u00edlohou (p\u0159ihl\u00e1\u0161ka a souhlas se zpracov\u00e1n\u00edm osobn\u00edch \u00fadaj\u016f, posudek o zdravotn\u00ed zp\u016fsobilosti, prohl\u00e1\u0161en\u00ed o bezinfek\u010dnosti, t\u00e1borov\u00fd \u0159\u00e1d, v\u0161eobecn\u00e9 podm\u00ednky \u00fa\u010dasti na t\u00e1bo\u0159e).<\/li>\r\n<li>Ve v\u0161eobecn\u00fdch podm\u00ednk\u00e1ch \u00fa\u010dasti na t\u00e1bo\u0159e se do\u010dtete kam, jak a do kdy odeslat p\u0159ihl\u00e1\u0161ku a souhlas se zpracov\u00e1n\u00edm osobn\u00edch \u00fadaj\u016f i platbu, co odevzdat u odjezdu, podrobnosti k odjezdu \/ p\u0159\u00edjezdu, apod.<\/li>\r\n<li>P\u0159ihl\u00e1\u0161ka a souhlas se zpracov\u00e1n\u00edm osobn\u00edch \u00fadaj\u016f i platba maj\u00ed sv\u016fj term\u00edn odevzd\u00e1n\u00ed<b> &#8211; bli\u017e\u0161\u00ed podm\u00ednky k platb\u011b t\u00e1bora viz. pokyn uveden\u00e9 ve V\u0161eobecn\u00fdch podm\u00ednk\u00e1ch \u00fa\u010dasti d\u00edt\u011bte na t\u00e1bo\u0159e.<\/b><\/li>\r\n<li>Pokud dokumenty v\u010das neodevzd\u00e1te, upozorn\u00edme V\u00e1s emailem nebo telefonicky. Pokud z\u016fstane upozorn\u011bn\u00ed bez odezvy, Va\u0161e rezervace bude zru\u0161ena.<\/li>\r\n<li>Ve stejn\u00e9 dob\u011b V\u00e1m ode\u0161leme i hromadn\u00e1 potvrzen\u00ed o p\u0159ijat\u00fdch platb\u00e1ch a p\u0159ihl\u00e1\u0161k\u00e1ch. Nen\u00ed t\u0159eba tedy volat a ps\u00e1t, zda v\u0161e do\u0161lo v po\u0159\u00e1dku, potvrzen\u00ed dostanete automaticky.<\/li>\r\n<\/ol>\r\n<\/div>\r\n\r\n<p>&nbsp;<\/p>\r\n<p><a href=\"https:\/\/www.taborova-rodina.cz\/wp-content\/uploads\/2026\/02\/III.-vseobecne-podminky-ucasti-na-tabore-2026.pdf\">III. v\u0161eobecn\u00e9 podm\u00ednky \u00fa\u010dasti na t\u00e1bo\u0159e 2026<\/a><\/p>\r\n<p><a href=\"https:\/\/www.taborova-rodina.cz\/wp-content\/uploads\/2026\/02\/III.-prohlaseni-o-bezinfekcnosti-2026.pdf\">III. prohl\u00e1\u0161en\u00ed o bezinfek\u010dnosti 2026<\/a><\/p>\r\n<p><a href=\"https:\/\/www.taborova-rodina.cz\/wp-content\/uploads\/2026\/02\/III.-prihlaska-a-souhlas-se-zpracovanim-osobnich-udaju-2026.pdf\">III. p\u0159ihl\u00e1\u0161ka a souhlas se zpracov\u00e1n\u00edm osobn\u00edch \u00fadaj\u016f 2026<\/a><\/p>\r\n<p><a href=\"https:\/\/www.taborova-rodina.cz\/wp-content\/uploads\/2024\/02\/Posudek-o-zdravotni-zpusobilosti.pdf\">Posudek o zdravotn\u00ed zp\u016fsobilosti<\/a><\/p>\r\n<p><a href=\"https:\/\/www.taborova-rodina.cz\/wp-content\/uploads\/2024\/02\/Taborovy-rad.pdf\">T\u00e1borov\u00fd \u0159\u00e1d<\/a><\/p>\r\n","protected":false},"excerpt":{"rendered":"<p>Rodi\u010de si mus\u00ed zarezervovat m\u00edsto. Bez rezervace a jej\u00edho n\u00e1sledn\u00e9ho potvrzen\u00ed nen\u00ed mo\u017en\u00e9 garantovat, \u017ee bude voln\u00e9 m\u00edsto. Doporu\u010dujeme dodr\u017eet n\u00e1sleduj\u00edc\u00ed postup: Rezervaci rodi\u010de provedou zasl\u00e1n\u00edm n\u00e1sleduj\u00edc\u00edch \u00fadaj\u016f na\u00a0adresu\u00a0tabory@bulovka.cz. \u00a0M\u016f\u017eete vyu\u017e\u00edt na\u0161eho p\u0159edepsan\u00e9ho textu a doplnit pouze data o Va\u0161em d\u00edt\u011bti.\u2014\u2014\u2014\u2014\u2014\u2014\u2014\u2014\u2014\u2014\u2014-\u017d\u00e1d\u00e1m o rezervov\u00e1n\u00ed m\u00edsta na letn\u00edm d\u011btsk\u00e9m t\u00e1bo\u0159e v Zalu\u017eanech v term\u00ednu III. turnusu od [&hellip;]<\/p>\n","protected":false},"author":2,"featured_media":0,"parent":562,"menu_order":0,"comment_status":"closed","ping_status":"closed","template":"","meta":{"footnotes":""},"class_list":["post-570","page","type-page","status-publish","hentry"],"featured_image_urls":{},"appp_media":null,"_links":{"self":[{"href":"https:\/\/www.taborova-rodina.cz\/index.php\/wp-json\/wp\/v2\/pages\/570","targetHints":{"allow":["GET"]}}],"collection":[{"href":"https:\/\/www.taborova-rodina.cz\/index.php\/wp-json\/wp\/v2\/pages"}],"about":[{"href":"https:\/\/www.taborova-rodina.cz\/index.php\/wp-json\/wp\/v2\/types\/page"}],"author":[{"embeddable":true,"href":"https:\/\/www.taborova-rodina.cz\/index.php\/wp-json\/wp\/v2\/users\/2"}],"replies":[{"embeddable":true,"href":"https:\/\/www.taborova-rodina.cz\/index.php\/wp-json\/wp\/v2\/comments?post=570"}],"version-history":[{"count":36,"href":"https:\/\/www.taborova-rodina.cz\/index.php\/wp-json\/wp\/v2\/pages\/570\/revisions"}],"predecessor-version":[{"id":2982,"href":"https:\/\/www.taborova-rodina.cz\/index.php\/wp-json\/wp\/v2\/pages\/570\/revisions\/2982"}],"up":[{"embeddable":true,"href":"https:\/\/www.taborova-rodina.cz\/index.php\/wp-json\/wp\/v2\/pages\/562"}],"wp:attachment":[{"href":"https:\/\/www.taborova-rodina.cz\/index.php\/wp-json\/wp\/v2\/media?parent=570"}],"curies":[{"name":"wp","href":"https:\/\/api.w.org\/{rel}","templated":true}]}}