{"id":562,"date":"2018-06-18T15:59:06","date_gmt":"2018-06-18T14:59:06","guid":{"rendered":"https:\/\/www.taborova-rodina.cz\/?page_id=562"},"modified":"2026-03-16T15:10:16","modified_gmt":"2026-03-16T14:10:16","slug":"o-tabore","status":"publish","type":"page","link":"https:\/\/www.taborova-rodina.cz\/index.php\/o-tabore\/","title":{"rendered":"O t\u00e1bo\u0159e"},"content":{"rendered":"<blockquote>\n<h3><a href=\"https:\/\/www.taborova-rodina.cz\/wp-content\/uploads\/2018\/06\/chatky-1-768x201.jpg\" data-rel=\"lightbox-image-0\" data-rl_title=\"\" data-rl_caption=\"\" title=\"\"><img loading=\"lazy\" decoding=\"async\" class=\"alignnone wp-image-563\" src=\"https:\/\/www.taborova-rodina.cz\/wp-content\/uploads\/2018\/06\/chatky-1-768x201-300x79.jpg\" alt=\"\" width=\"509\" height=\"134\" srcset=\"https:\/\/www.taborova-rodina.cz\/wp-content\/uploads\/2018\/06\/chatky-1-768x201-300x79.jpg 300w, https:\/\/www.taborova-rodina.cz\/wp-content\/uploads\/2018\/06\/chatky-1-768x201.jpg 768w\" sizes=\"auto, (max-width: 509px) 100vw, 509px\" \/><\/a><\/h3>\n<h3>Zveme V\u00e1s na letn\u00ed d\u011btsk\u00fd t\u00e1bor na t\u00e9ma<br \/>\n\u201eCesta do vesm\u00edru&#8220;<\/h3>\n<p><strong>Term\u00edn t\u00e1bora:<\/strong>\u00a0 od 1. 8. \u2013 15. 8 . 2026<\/p>\n<p><strong>Lokalita :\u00a0<\/strong>\u00a0\u00a0\u00a0T\u00e1bor\u00a0<a href=\"https:\/\/mapy.cz\/zakladni?x=14.0936270&amp;y=49.5487326&amp;z=15&amp;source=addr&amp;id=10680577\" target=\"_blank\" rel=\"noopener noreferrer\">se nach\u00e1z\u00ed<\/a>\u00a0na rozhran\u00ed st\u0159edo\u010desk\u00e9ho a jiho\u010desk\u00e9ho kraje nedaleko Orlick\u00e9 p\u0159ehrady. V\u00a0bl\u00edzkosti se nach\u00e1z\u00ed \u201e Ra\u010d\u00ed lom\u201c, u kter\u00e9ho se nat\u00e1\u010dela zn\u00e1m\u00e1 poh\u00e1dka Princezna ze mlejna.<\/p>\n<p><strong>Adresa t\u00e1bora:\u00a0<\/strong> \u00a0LDT Fakultn\u00ed nemocnice Bulovka, Zalu\u017eany 2, 262 84 P\u0159\u00edbram<\/p>\n<p><strong>Po\u0159adatel:\u00a0<\/strong>Nez\u00e1visl\u00e1 odborov\u00e1 organizace Bulovka ve spolupr\u00e1ci s Fakultn\u00ed nemocnic\u00ed Bulovka a s Nez\u00e1visl\u00fdm odborov\u00fdm svazem Policie \u010cR, z\u00e1kladn\u00ed organizac\u00ed \u00dast\u00ed nad Labem<\/p><\/blockquote>\n<blockquote><p><strong>Pro koho:<\/strong>\u00a0pro d\u011bti od 5 do 16 let v\u010detn\u011b.<\/p>\n<p><strong>O t\u00e1bo\u0159e:<\/strong><\/p>\n<p>Letn\u00ed d\u011btsk\u00fd t\u00e1bor Ra\u010d\u00ed lom, t\u0159et\u00ed turnus, je organizovan\u00fd pod veden\u00edm zku\u0161en\u00fdch vedouc\u00edch, p\u0159ev\u00e1\u017en\u011b z \u0159ad policie, a m\u016f\u017ee se pochlubit tradic\u00ed od roku 2018. Nez\u00e1visl\u00fd odborov\u00fd svaz Policie \u010cesk\u00e9 republiky, z\u00e1kladn\u00ed organizace \u00dast\u00ed nad Labem, je nejen hlavn\u00edm sponzorem t\u00e1bora, ale tak\u00e9 se pod\u00edl\u00ed na p\u0159\u00edprav\u011b a realizaci celot\u00e1borov\u00e9ho programu.<\/p>\n<p>T\u00e9matem leto\u0161n\u00edho t\u00e1bora je Cesta do vesm\u00edru. Celot\u00e1borov\u00e9 hry a dal\u0161\u00ed aktivity budou inspirov\u00e1ny v\u00fdcvikem kosmonaut\u016f, hry s prvky fyzick\u00fdch a technick\u00fdch dovednost\u00ed, s orientac\u00ed v prostoru, se znalost\u00ed vesm\u00edru a s de\u0161ifrov\u00e1n\u00edm mimozemsk\u00fdch vzkaz\u016f. D\u011bti se mohou t\u011b\u0161it na odd\u00edlov\u00e9 sout\u011b\u017ee, sportovn\u00ed aktivity a vyu\u017eit\u00ed t\u00e1borov\u00fdch h\u0159i\u0161\u0165 \u2013 p\u00edskov\u00e9ho i univerz\u00e1ln\u00edho, nap\u0159\u00edklad na fotbal. Letn\u00ed koup\u00e1n\u00ed bude zaji\u0161t\u011bno v m\u00edstn\u00edm baz\u00e9nu a nechyb\u00ed ani ve\u010dern\u00ed t\u00e1bor\u00e1ky, dobrodru\u017en\u00e9 p\u0159esp\u00e1n\u00ed pod \u0161ir\u00fdm nebem (nutn\u00e1 vlastn\u00ed karimatka), diskot\u00e9ky, ve\u010dern\u00ed prom\u00edt\u00e1n\u00ed a obl\u00edben\u00e9 workshopy \u010di kreativn\u00ed d\u00edlni\u010dky. Nav\u00edc je p\u0159ipraveno t\u00e1borov\u00e9 bingo s mno\u017estv\u00edm drobn\u00fdch cen.<\/p>\n<p>Tradi\u010dn\u00ed sou\u010d\u00e1st\u00ed programu bude uk\u00e1zka policejn\u00edch \u010dinnost\u00ed, v\u010detn\u011b v\u00fdcviku policejn\u00edch ps\u016f, kterou p\u0159edstav\u00ed kolegov\u00e9 z Policie \u010cR, St\u0159edo\u010desk\u00e9ho kraje. Na z\u00e1v\u011br t\u00e1bora prob\u011bhne slavnostn\u00ed vyhodnocen\u00ed celot\u00e1borov\u00e9 hry, spojen\u00e9 s t\u00e1borovou pout\u00ed plnou z\u00e1bavy, odm\u011bn a sladk\u00fdch p\u0159ekvapen\u00ed.<\/p>\n<p>Vyj\u00edme\u010dnost\u00ed na\u0161ich t\u00e1bor\u016f je v\u00fdroba pam\u00e1te\u010dn\u00e9ho tri\u010dka. V leto\u0161n\u00edm roce budeme pot\u0159ebovat tmav\u00e1 bavln\u011bn\u00e1 tri\u010dka= \u010dern\u00e1 nebo tmav\u011b modr\u00e1 v barv\u011b no\u010dn\u00ed oblohy, pros\u00edme dejte je d\u011btem. Budeme je upravovat savov\u00e1n\u00edm na origin\u00e1ln\u00ed vesm\u00edrn\u00e9 tri\u010dko.<\/p>\n<p><strong>Ubytov\u00e1n\u00ed<\/strong><\/p>\n<p>Pro v\u011bt\u0161\u00ed d\u011bti (cca od 10 let) je zaji\u0161t\u011bno ubytov\u00e1n\u00ed ve \u010dty\u0159l\u016f\u017ekov\u00fdch chatk\u00e1ch. Mohou vyu\u017e\u00edt vlastn\u00ed spac\u00e1ky nebo t\u00e1borov\u00e9 deky, pol\u0161t\u00e1\u0159e a povle\u010den\u00ed. Pokud si d\u011bti p\u0159ivezou nap\u00ednac\u00ed prost\u011bradlo, bude se jim l\u00e9pe udr\u017eovat postel, co\u017e m\u016f\u017ee b\u00fdt v\u00fdhodou v sout\u011b\u017ei o nejlep\u0161\u00ed \u00faklid.<\/p>\n<p>Men\u0161\u00ed d\u011bti jsou ubytov\u00e1ny na pokoj\u00edch v dvoupatrov\u00e9 budov\u011b se soci\u00e1ln\u00edm za\u0159\u00edzen\u00edm. K dispozici maj\u00ed pol\u0161t\u00e1\u0159e, deky i lo\u017en\u00ed pr\u00e1dlo. Pokud v\u0161ak d\u00edt\u011b preferuje sp\u00e1t ve vlastn\u00edm spac\u00e1ku nebo m\u00e1 obl\u00edben\u00e9ho ply\u0161ov\u00e9ho kamar\u00e1da, je mo\u017en\u00e9 si je p\u0159iv\u00e9zt s sebou.<\/p>\n<p><b>D\u011btem nezapome\u0148te p\u0159ibalit bavln\u011bn\u00e9 tri\u010dko (nutn\u00e9 k savov\u00e1n\u00ed) v barv\u011b \u010dern\u00e9 nebo tmav\u011b modr\u00e9, kter\u00e9 si d\u011bti pod dozorem vedouc\u00ed uprav\u00ed savovac\u00ed technikou.<\/b><\/p>\n<p><strong>Cena t\u00e1bora<\/strong><\/p>\n<p>Z\u00e1kladn\u00ed cena letn\u00edho d\u011btsk\u00e9ho t\u00e1bora (III. turnus) je <strong>8 600 K\u010d<\/strong>.<br \/>\nPro d\u011bti zam\u011bstnanc\u016f Fakultn\u00ed nemocnice Bulovka je cena <strong>3 600 K\u010d<\/strong> a pro d\u011bti \u010dlen\u016f Nez\u00e1visl\u00e9 odborov\u00e9 organizace Bulovka <strong>3100 K\u010d<\/strong>.<\/p>\n<p><b>Cena zahrnuje:<\/b><\/p>\n<p>Ubytov\u00e1n\u00ed, 5x denn\u011b strava, pitn\u00fd re\u017eim,\u00a0<b>poji\u0161t\u011bn\u00ed dlouhodob\u00fdch n\u00e1sledk\u016f \u00farazu,\u00a0<\/b>technick\u00e9 slu\u017eby, slu\u017eby profesion\u00e1ln\u00edch vedouc\u00edch a praktikant\u016f 24 hod. denn\u011b, odm\u011bny d\u011btem, provozn\u00ed n\u00e1klady.<\/p>\n<p>Dopravu na t\u00e1bor a zp\u011bt zaji\u0161\u0165uje ZO NOS P\u010cR \u00dast\u00ed nad Labem \u2013 n\u00e1stupn\u00ed m\u00edsta \u00dast\u00ed nad Labem a Praha. Mo\u017enost vlastn\u00ed dopravy tam i zp\u011bt dle dohody s provozovatelem t\u00e1bora.<\/p>\n<p><b>Co odevzdat u autobusu:<\/b><\/p>\n<ul>\n<li>podepsan\u00e9 pravideln\u011b u\u017e\u00edvan\u00e9 l\u00e9ky s popisem d\u00e1vkov\u00e1n\u00ed<\/li>\n<li>kopii karti\u010dky poji\u0161t\u011bnce<\/li>\n<li>posudek o zdravotn\u00ed zp\u016fsobilosti\u00a0 &#8211; <strong>nemus\u00ed se jednat o n\u00e1\u0161 tiskopis, lze pou\u017e\u00edt posudek vystaven\u00fd pro jinou akci \u2013 soust\u0159ed\u011bn\u00ed, \u0161kola v p\u0159\u00edrod\u011b. Posudek nesm\u00ed b\u00fdt star\u0161\u00ed 2 let ke dni konce leto\u0161n\u00edho t\u00e1bora.<\/strong><\/li>\n<li>prohl\u00e1\u0161en\u00ed o bezinfek\u010dnosti ( datum a podpis v den odjezdu )<\/li>\n<li>kapesn\u00e9 \u2013 cca 400 K\u010d ( v drobn\u00fdch ).<\/li>\n<\/ul>\n<\/blockquote>\n<p><b>Co s sebou na t\u00e1bor (seznam doporu\u010den\u00fdch v\u011bc\u00ed):<\/b><\/p>\n<p>Oble\u010den\u00ed a vybaven\u00ed je nutn\u00e9 podepsat nebo opat\u0159it zna\u010dkou, aby se zamezilo ztr\u00e1t\u00e1m a popleten\u00ed majitel\u016f.<\/p>\n<p><strong>Pros\u00edme o p\u0159ibalen\u00ed seznamu v\u011bc\u00ed. D\u011bkujeme<\/strong><\/p>\n<p><strong>Oble\u010den\u00ed a boty:<\/strong><br \/>\n\u2713 spodn\u00ed pr\u00e1dlo a pono\u017eky (2x tepl\u00e9) na ka\u017ed\u00fd den (ide\u00e1ln\u011b nabal\u00ed\u010dkovat sady)<br \/>\n\u2713 civiln\u00ed sportovn\u00ed oble\u010den\u00ed 2x<br \/>\n\u2713 plavky<br \/>\n\u2713 mikina nebo svetr 4x<br \/>\n\u2713 tepl\u00e1 bunda<br \/>\n\u2713 nepromokav\u00e1 bunda s kapuc\u00ed nebo nepromokav\u00e1 souprava<br \/>\n\u2713 py\u017eamo 2x<br \/>\n\u2713 tepl\u00e1ky nebo leg\u00edny4x<br \/>\n\u2713 kra\u0165asy 3x<br \/>\n\u2713 triko s dlouh\u00fdm ruk\u00e1vem 3x<br \/>\n\u2713 triko s kr\u00e1tk\u00fdm ruk\u00e1vem 10x<br \/>\n\u2713 pun\u010doch\u00e1\u010de<br \/>\n\u2713 tepl\u00e1kov\u00e1 souprava 2x<br \/>\n\u2713 pokr\u00fdvka hlavy<br \/>\n\u2713 bavln\u011bn\u00fd \u0161\u00e1tek<br \/>\n\u2713 pl\u00e1\u0161t\u011bnka (nelze nahradit bundou!)<br \/>\n\u2713 gumov\u00e9 hol\u00ednky<br \/>\n\u2713 pohodln\u00e9, pevn\u00e9, sportovn\u00ed, uzav\u0159en\u00e9 trekov\u00e9 boty 2x (nelze nahradit sand\u00e1ly nebo hol\u00ednkami!)<br \/>\n\u2713 sand\u00e1ly<br \/>\n\u2713 p\u0159ez\u016fvky pro d\u011bti do cca 10 let, kter\u00e9 budou ubytov\u00e1ny v hlavn\u00ed budov\u011b<\/p>\n<p>Ostatn\u00ed<\/p>\n<ul>\n<li><strong>1 x tri\u010dko jak\u00e9koliv jednobarevn\u00e9 barvy na v\u00fdrobu pam\u00e1te\u010dn\u00e9ho tri\u010dka<\/strong><\/li>\n<li>spac\u00e1k + karimatku (nutn\u00e9 na p\u0159esp\u00e1n\u00ed pod \u0161ir\u00e1kem)<\/li>\n<li>dle uv\u00e1\u017een\u00ed nap\u00ednac\u00ed prost\u011bradlo pro span\u00ed v\u00a0chatk\u00e1ch = d\u011bti nad 10 let<\/li>\n<li>batoh na cestu<\/li>\n<li>l\u00e1hev na pit\u00ed<\/li>\n<li>slune\u010dn\u00ed br\u00fdle<\/li>\n<li>kr\u00e9m s UV filtrem<\/li>\n<li>pokr\u00fdvka hlavy (k\u0161iltovka)<\/li>\n<li>ru\u010dn\u00edk, osu\u0161ka<\/li>\n<li>hygienick\u00e9 pot\u0159eby \u2013 m\u00fddlo, \u0161ampon, kart\u00e1\u010dek na zuby + pasta, h\u0159eben<\/li>\n<li>kapesn\u00edky<\/li>\n<li>baterka s n\u00e1hradn\u00edmi bateriemi<\/li>\n<li>repelent<\/li>\n<li>pytel na \u0161pinav\u00e9 pr\u00e1dlo<\/li>\n<li>toaletn\u00ed pap\u00edr maj\u00ed d\u011bti k dispozici, ale m\u00e1te-li pot\u0159ebu jin\u00e9 zna\u010dky, tak jim ho zabalte<\/li>\n<\/ul>\n<p>Pro voln\u00fd \u010das<\/p>\n<ul>\n<li>z\u00e1pisn\u00edk, tu\u017eky, pastelky<\/li>\n<li>dopisn\u00ed pot\u0159eby \u2013 ob\u00e1lky, zn\u00e1mky, pohledy<\/li>\n<li>kniha na \u010dten\u00ed, drobn\u00e9 hry, hudebn\u00ed n\u00e1stroj<\/li>\n<\/ul>\n<p>Kapesn\u00e9 \u2013 cca 400,- K\u010d ( v drobn\u00fdch ).<\/p>\n<p><strong>Podepsan\u00e9 pravideln\u011b u\u017e\u00edvan\u00e9 l\u00e9ky<\/strong>.<\/p>\n<p><strong>V\u011bci, kter\u00e9 nedoporu\u010dujeme br\u00e1t s sebou:<\/strong><\/p>\n<p>cenn\u00e9 p\u0159edm\u011bty, \u0161perky, drah\u00e9 hodinky, nadm\u011brn\u00e9 mno\u017estv\u00ed sladkost\u00ed, n\u016f\u017e a ostr\u00e9 p\u0159edm\u011bty.<\/p>\n<p><b>D\u016frazn\u011b nedoporu\u010dujeme vozit na t\u00e1bor mobiln\u00ed telefon nebo tablet! Z d\u016fvodu nebezpe\u010d\u00ed ztr\u00e1ty a po\u0161kozen\u00ed, za kter\u00e9 provozovatel neru\u010d\u00ed a nezodpov\u00edd\u00e1 budou zji\u0161t\u011bn\u00e1 za\u0159\u00edzen\u00ed bezpe\u010dn\u011b ulo\u017eena u hlavn\u00ed vedouc\u00ed a vr\u00e1cena a\u017e po ukon\u010den\u00ed t\u00e1bora.\u00a0 Ke kontaktu s d\u011btmi m\u016f\u017eete vyu\u017e\u00edt n\u00e1\u0161 kontaktn\u00ed formul\u00e1\u0159 nebo postaru, pohlednici\u00a0&#x1f642;<\/b><\/p>\n<p><b>\u00a0<\/b><\/p>\n<p>V p\u0159\u00edpad\u011b del\u0161\u00ed nemoci \u00a0nebo \u00farazu V\u00e1s samoz\u0159ejm\u011b budeme informovat. I Vy m\u00e1te mo\u017enost kdykoli zavolat hlavn\u00edmu vedouc\u00edmu a informovat se na sv\u00e9 d\u00edt\u011b.<\/p>\n<p>B\u011bhem t\u00e1bora budou pravideln\u011b na t\u011bchto str\u00e1nk\u00e1ch a na na\u0161em facebooku zve\u0159ej\u0148ov\u00e1ny fotky Va\u0161ich d\u011bt\u00ed.<\/p>\n<p><b>Provozovatel \u00a0ani hlavn\u00ed vedouc\u00ed LDT neru\u010d\u00ed a nenese \u017e\u00e1dnou odpov\u011bdnost za ztr\u00e1tu \u010di po\u0161kozen\u00ed cenn\u00fdch v\u011bc\u00ed d\u011bt\u00ed. Mno\u017estv\u00ed uveden\u00e9ho oble\u010den\u00ed nech\u00e1v\u00e1me na rozhodnut\u00ed rodi\u010d\u016f, ale doporu\u010dujeme, aby Va\u0161e d\u00edt\u011b m\u011blo dostatek oble\u010den\u00ed na p\u0159evle\u010den\u00ed pro p\u0159\u00edpad de\u0161t\u011b i pro p\u0159\u00edpad ni\u017e\u0161\u00edch teplot. \u00a0Pros\u00edme rodi\u010de, aby vybavili\u00a0d\u011bti star\u0161\u00edmi v\u011bcmi pro p\u0159\u00edpad zni\u010den\u00ed.<\/b><\/p>\n<p><a href=\"https:\/\/www.taborova-rodina.cz\/wp-content\/uploads\/2026\/03\/Informace-o-zpracovani-osobnich-udaju.pdf\">Informace o zpracov\u00e1n\u00ed osobn\u00edch \u00fadaj\u016f<\/a><\/p>\n","protected":false},"excerpt":{"rendered":"<p>Zveme V\u00e1s na letn\u00ed d\u011btsk\u00fd t\u00e1bor na t\u00e9ma \u201eCesta do vesm\u00edru&#8220; Term\u00edn t\u00e1bora:\u00a0 od 1. 8. \u2013 15. 8 . 2026 Lokalita :\u00a0\u00a0\u00a0\u00a0T\u00e1bor\u00a0se nach\u00e1z\u00ed\u00a0na rozhran\u00ed st\u0159edo\u010desk\u00e9ho a jiho\u010desk\u00e9ho kraje nedaleko Orlick\u00e9 p\u0159ehrady. V\u00a0bl\u00edzkosti se nach\u00e1z\u00ed \u201e Ra\u010d\u00ed lom\u201c, u kter\u00e9ho se nat\u00e1\u010dela zn\u00e1m\u00e1 poh\u00e1dka Princezna ze mlejna. Adresa t\u00e1bora:\u00a0 \u00a0LDT Fakultn\u00ed nemocnice Bulovka, Zalu\u017eany 2, [&hellip;]<\/p>\n","protected":false},"author":2,"featured_media":0,"parent":0,"menu_order":0,"comment_status":"closed","ping_status":"closed","template":"","meta":{"footnotes":""},"class_list":["post-562","page","type-page","status-publish","hentry"],"featured_image_urls":{},"appp_media":null,"_links":{"self":[{"href":"https:\/\/www.taborova-rodina.cz\/index.php\/wp-json\/wp\/v2\/pages\/562","targetHints":{"allow":["GET"]}}],"collection":[{"href":"https:\/\/www.taborova-rodina.cz\/index.php\/wp-json\/wp\/v2\/pages"}],"about":[{"href":"https:\/\/www.taborova-rodina.cz\/index.php\/wp-json\/wp\/v2\/types\/page"}],"author":[{"embeddable":true,"href":"https:\/\/www.taborova-rodina.cz\/index.php\/wp-json\/wp\/v2\/users\/2"}],"replies":[{"embeddable":true,"href":"https:\/\/www.taborova-rodina.cz\/index.php\/wp-json\/wp\/v2\/comments?post=562"}],"version-history":[{"count":32,"href":"https:\/\/www.taborova-rodina.cz\/index.php\/wp-json\/wp\/v2\/pages\/562\/revisions"}],"predecessor-version":[{"id":2993,"href":"https:\/\/www.taborova-rodina.cz\/index.php\/wp-json\/wp\/v2\/pages\/562\/revisions\/2993"}],"wp:attachment":[{"href":"https:\/\/www.taborova-rodina.cz\/index.php\/wp-json\/wp\/v2\/media?parent=562"}],"curies":[{"name":"wp","href":"https:\/\/api.w.org\/{rel}","templated":true}]}}