{"id":184,"date":"2015-10-23T21:13:03","date_gmt":"2015-10-23T20:13:03","guid":{"rendered":"http:\/\/www.taborova-rodina.cz\/?page_id=184"},"modified":"2024-01-15T08:24:30","modified_gmt":"2024-01-15T07:24:30","slug":"kontakty","status":"publish","type":"page","link":"https:\/\/www.taborova-rodina.cz\/index.php\/kontakty\/","title":{"rendered":"Kontakty"},"content":{"rendered":"<p style=\"text-align: center;\"><a class=\"https:\/\/mapy.cz\/s\/2LDIy\" href=\"https:\/\/mapy.cz\/s\/2LDIy\" target=\"_blank\" rel=\"noopener\"><img loading=\"lazy\" decoding=\"async\" class=\"alignnone wp-image-484 size-large\" src=\"https:\/\/www.taborova-rodina.cz\/wp-content\/uploads\/2016\/10\/mapa2-1024x217-1024x217.jpg\" alt=\"\" width=\"768\" height=\"163\" srcset=\"https:\/\/www.taborova-rodina.cz\/wp-content\/uploads\/2016\/10\/mapa2-1024x217.jpg 1024w, https:\/\/www.taborova-rodina.cz\/wp-content\/uploads\/2016\/10\/mapa2-1024x217-300x64.jpg 300w, https:\/\/www.taborova-rodina.cz\/wp-content\/uploads\/2016\/10\/mapa2-1024x217-768x163.jpg 768w\" sizes=\"auto, (max-width: 768px) 100vw, 768px\" \/><\/a><\/p>\n<p><strong>Adresa provozovatele<\/strong><\/p>\n<p>Nez\u00e1visl\u00e1 odborov\u00e1 organizace Bulovka<br \/>\nBud\u00ednova 67\/2<br \/>\n180 81\u00a0 \u00a0Praha 8 &#8211; Libe\u0148<\/p>\n<p>Barbora\u00a0\u0160im\u016fnkov\u00e1<br \/>\nemail: <a href=\"mailto:tabory@bulovka.cz\">tabory@bulovka.cz<br \/>\n<\/a>tel. +420 777 871 155<a href=\"mailto:tabory@bulovka.cz\"><br \/>\n<\/a><a href=\"mailto:barbora.simunkova@bulovka.cz\"><br \/>\n<\/a><\/p>\n<p><strong>Adresa t\u00e1bora<\/strong><\/p>\n<p>LDT Bulovka<br \/>\nJm\u00e9no P\u0159\u00edjmen\u00ed, \u010d\u00edslo odd\u00edlu<br \/>\nZalu\u017eany 2<br \/>\n26284\u00a0P\u0159\u00edbram<\/p>\n<p>mapu si prohl\u00e9dn\u011bte\u00a0<a href=\"https:\/\/mapy.cz\/zakladni?x=14.0960095&amp;y=49.5464686&amp;z=14&amp;source=coor&amp;id=14.093401%2C49.549832&amp;q=49%C2%B032%2759.395%22N%2C%2014%C2%B05%2736.243%22E\" target=\"_blank\" rel=\"noopener\">zde<\/a><\/p>\n<p><b>Kontakt na hlavn\u00ed vedouc\u00ed<\/b><\/p>\n<p>pan\u00ed Jaru\u0161ka K\u0159ivkov\u00e1<br \/>\ntel.: +420 723 155 141<\/p>\n<p><strong>Adresa pro zasl\u00e1n\u00ed vzkaz\u016f d\u011btem<\/strong><\/p>\n<p><a href=\"mailto:taborova.rodinka@seznam.cz\">taborova.rodinka@seznam.cz<\/a><\/p>\n<p><strong>Odkaz na Facebook<\/strong><\/p>\n<p><a href=\"https:\/\/www.facebook.com\/groups\/152071874026312\" target=\"_blank\" rel=\"noopener\">FACEBOOK t\u00e1borov\u00e9 rodiny<\/a><\/p>\n","protected":false},"excerpt":{"rendered":"<p>Adresa provozovatele Nez\u00e1visl\u00e1 odborov\u00e1 organizace Bulovka Bud\u00ednova 67\/2 180 81\u00a0 \u00a0Praha 8 &#8211; Libe\u0148 Barbora\u00a0\u0160im\u016fnkov\u00e1 email: tabory@bulovka.cz tel. +420 777 871 155 Adresa t\u00e1bora LDT Bulovka Jm\u00e9no P\u0159\u00edjmen\u00ed, \u010d\u00edslo odd\u00edlu Zalu\u017eany 2 26284\u00a0P\u0159\u00edbram mapu si prohl\u00e9dn\u011bte\u00a0zde Kontakt na hlavn\u00ed vedouc\u00ed pan\u00ed Jaru\u0161ka K\u0159ivkov\u00e1 tel.: +420 723 155 141 Adresa pro zasl\u00e1n\u00ed vzkaz\u016f d\u011btem taborova.rodinka@seznam.cz Odkaz [&hellip;]<\/p>\n","protected":false},"author":1,"featured_media":0,"parent":0,"menu_order":5,"comment_status":"closed","ping_status":"open","template":"","meta":{"footnotes":""},"class_list":["post-184","page","type-page","status-publish","hentry"],"featured_image_urls":{},"appp_media":null,"_links":{"self":[{"href":"https:\/\/www.taborova-rodina.cz\/index.php\/wp-json\/wp\/v2\/pages\/184","targetHints":{"allow":["GET"]}}],"collection":[{"href":"https:\/\/www.taborova-rodina.cz\/index.php\/wp-json\/wp\/v2\/pages"}],"about":[{"href":"https:\/\/www.taborova-rodina.cz\/index.php\/wp-json\/wp\/v2\/types\/page"}],"author":[{"embeddable":true,"href":"https:\/\/www.taborova-rodina.cz\/index.php\/wp-json\/wp\/v2\/users\/1"}],"replies":[{"embeddable":true,"href":"https:\/\/www.taborova-rodina.cz\/index.php\/wp-json\/wp\/v2\/comments?post=184"}],"version-history":[{"count":20,"href":"https:\/\/www.taborova-rodina.cz\/index.php\/wp-json\/wp\/v2\/pages\/184\/revisions"}],"predecessor-version":[{"id":2361,"href":"https:\/\/www.taborova-rodina.cz\/index.php\/wp-json\/wp\/v2\/pages\/184\/revisions\/2361"}],"wp:attachment":[{"href":"https:\/\/www.taborova-rodina.cz\/index.php\/wp-json\/wp\/v2\/media?parent=184"}],"curies":[{"name":"wp","href":"https:\/\/api.w.org\/{rel}","templated":true}]}}